{"id":3084,"date":"2018-05-10T16:58:23","date_gmt":"2018-05-10T14:58:23","guid":{"rendered":"https:\/\/www.sprachschule-aktiv-winterthur.ch\/principal\/"},"modified":"2024-05-13T06:51:00","modified_gmt":"2024-05-13T04:51:00","slug":"principal","status":"publish","type":"page","link":"https:\/\/www.sprachschule-aktiv-winterthur.ch\/es\/","title":{"rendered":"Home Sprachschule Aktiv Winterthur"},"content":{"rendered":"<p>[vc_row full_width=&#8221;stretch_row_content_no_spaces&#8221; equal_height=&#8221;yes&#8221; tc_enable_overlay=&#8221;true&#8221; css=&#8221;.vc_custom_1608061324350{margin-top: 0px !important;padding-top: 0px !important;background-position: center !important;background-repeat: no-repeat !important;background-size: cover !important;}&#8221;][vc_column][vc_images_carousel images=&#8221;3702,3684,3690,3696&#8243; img_size=&#8221;full&#8221; onclick=&#8221;link_no&#8221; autoplay=&#8221;yes&#8221; hide_pagination_control=&#8221;yes&#8221;][\/vc_column][\/vc_row][vc_row full_width=&#8221;stretch_row&#8221; equal_height=&#8221;yes&#8221; content_placement=&#8221;middle&#8221; tc_enable_overlay=&#8221;true&#8221; css=&#8221;.vc_custom_1480401715002{padding-top: 30px !important;padding-bottom: 30px !important;}&#8221; el_class=&#8221;action-box m-b-none theme-bg-color&#8221;][vc_column width=&#8221;2\/3&#8243;][vc_column_text]<\/p>\n<h3 class=\"text-white\">\u00a1Aprender idiomas te abre nuevos caminos!<\/h3>\n<p class=\"text-white\">Inscr\u00edbete ahora a nuestros cursos en Winterthur<\/p>\n<p>[\/vc_column_text][\/vc_column][vc_column width=&#8221;1\/3&#8243; css=&#8221;.vc_custom_1481804430561{padding-top: 15px !important;}&#8221; el_class=&#8221;text-right&#8221;]\t<div class=\"vc_btn3-container vc_btn3-inline\">\n\t\t<a href=\"\/es\/inscripcion\/\" class=\"pgs_btn pgs_btn_style_2 pgs_btn_xl\">\n\t\t\t<span>\n\t\t\t\tInscr\u00edbete ahora\t\t\t<\/span>\n\t\t\t\t\t\t<i class=\"fa fa-chevron-right\"><\/i>\n\t\t\t\t\t<\/a>\n\t<\/div>\n\t[\/vc_column][\/vc_row][vc_row css=&#8221;.vc_custom_1489238430544{padding-top: 50px !important;}&#8221;][vc_column css=&#8221;.vc_custom_1489228440142{padding-right: 20px !important;}&#8221;][vc_column_text]<\/p>\n<h1>Cursos de alem\u00e1n en Winterthur &#8211; Aprender alem\u00e1n en la mejor escuela<\/h1>\n<p>[\/vc_column_text][vc_row_inner][vc_column_inner width=&#8221;1\/2&#8243;][vc_video link=&#8221;https:\/\/www.youtube.com\/embed\/OmlDX1rDL-w&#8221;][\/vc_column_inner][vc_column_inner width=&#8221;1\/2&#8243;][vc_column_text]Si quiere aprender alem\u00e1n en Winterthur hazlo en nuestras escuela de alem\u00e1n con los mejores precios y profesores. Nosotros, desde la escuela de idiomas Aktiv en Winterthur, le ofrecemos buenos cursos de alem\u00e1n. Si necesita el conocimiento para sus estudios, su profesi\u00f3n o para sus pr\u00f3ximas vacaciones. Estamos seguros de tener el curso correcto para usted. Los cursos cubren los niveles A1, A2, B1, B2, C1 y C2.[\/vc_column_text][\/vc_column_inner][\/vc_row_inner][\/vc_column][\/vc_row][vc_row full_width=&#8221;stretch_row&#8221; css=&#8221;.vc_custom_1696923401383{padding-top: 20px !important;padding-bottom: 20px !important;background-color: #f8f8f8 !important;background-position: 0 0 !important;background-repeat: no-repeat !important;}&#8221;][vc_column css=&#8221;.vc_custom_1489228440142{padding-right: 20px !important;}&#8221;][vc_column_text]<\/p>\n<h2>Aprender alem\u00e1n en Winterthur con nuestros cursos intensivos o privados<\/h2>\n<p>Las razones para aprender alem\u00e1n son muy distintas. Tenemos diferentes modelos de cursos para elegir. Nos complace asesorarle sobre el curso que debe elegir para lograr su objetivo. Si no est\u00e1 bajo la presi\u00f3n del tiempo, un curso semanal en Winterthur es ideal. El ritmo de aprendizaje es lento, tienen poco estr\u00e9s y tambi\u00e9n puede dedicarse a otras cosas.<\/p>\n<p>Si debe aprender m\u00e1s r\u00e1pido, es mejor reservar un curso intensivo. Las clases tienen lugar todos los d\u00edas. Podr\u00e1 tener una buena conversaci\u00f3n en alem\u00e1n despu\u00e9s de solo unos d\u00edas. Si desea un cuidado intensivo muy especial, es mejor reservar una lecci\u00f3n privada con un maestro seleccionado.<\/p>\n<p>Si desea prepararse para el examen de alem\u00e1n como idioma extranjero (TestDaF), tambi\u00e9n disponemos de cursos adecuados. Tambi\u00e9n recibir\u00e1 un visado adecuado de nuestra parte si desea vivir y estudiar en Suiza por un per\u00edodo de tiempo m\u00e1s prolongado. Por supuesto, tambi\u00e9n buscamos un apartamento adecuado para usted durante su estancia para aprender el idioma.[\/vc_column_text][\/vc_column][\/vc_row][vc_row full_width=&#8221;stretch_row&#8221; css=&#8221;.vc_custom_1489239164915{padding-top: 50px !important;padding-bottom: 40px !important;}&#8221;][vc_column css=&#8221;.vc_custom_1489228440142{padding-right: 20px !important;}&#8221;][vc_column_text]<\/p>\n<h2>Determinaremos su nivel de idioma de forma gratuita<\/h2>\n<p>[\/vc_column_text][vc_row_inner][vc_column_inner width=&#8221;1\/2&#8243;][vc_single_image image=&#8221;4283&#8243; img_size=&#8221;full&#8221;][\/vc_column_inner][vc_column_inner width=&#8221;1\/2&#8243;][vc_column_text]Puede suceder que los estudiantes est\u00e1n en el curso equivocado. O bien est\u00e1n aburridos porque ya dominan el tema o est\u00e1n abrumados. Le ofrecemos una prueba de nivel. Puede hacer esto en el ordenador. Despu\u00e9s de eso, nuestros profesores pueden evaluar su nivel actual de idioma. Ahorrar\u00e1 tiempo y dinero. Si vive en las cercan\u00edas de Winterthur o quiere visitar la ciudad, tambi\u00e9n puede hacer la prueba en las aulas de la escuela de idiomas. Esperamos su visita.[\/vc_column_text]\t<div class=\"vc_btn3-container vc_btn3-inline\">\n\t\t<a href=\"\/es\/contacto\/\" class=\"pgs_btn pgs_btn_style_1 pgs_btn_lg\">\n\t\t\t<span>\n\t\t\t\tContacta con nosotros\t\t\t<\/span>\n\t\t\t\t\t<\/a>\n\t<\/div>\n\t[\/vc_column_inner][\/vc_row_inner][vc_column_text]<\/p>\n<h2>Estudiar alem\u00e1n en Winterthur con un m\u00e1ximo de 5 estudiantes<\/h2>\n<p>En nuestras lecciones grupales, nos aseguramos que ning\u00fan grupo tenga m\u00e1s de 5 estudiantes. Esta es la \u00fanica manera de asegurarse de que pueda practicar bien el alem\u00e1n. Aprenda un idioma a trav\u00e9s de la interacci\u00f3n activa y regular. Por esta raz\u00f3n, la ense\u00f1anza de nuestros profesores tambi\u00e9n es muy pr\u00e1ctica.<br \/>\nNuestros profesores son pedagogos en la mayor\u00eda de los casos o tienen al menos un sentido de los procesos pedag\u00f3gicos. No hace falta decir que estos son hablantes nativos que hablan el idioma sin acento. Durante la entrevista de trabajo, decidimos la contrataci\u00f3n no solo por la cualificaci\u00f3n profesional. Tambi\u00e9n es importante que el profesor sea amable. Nuestros empleados prestan especial atenci\u00f3n a este punto. As\u00ed que puede estar seguro de que las lecciones son divertidas.[\/vc_column_text][\/vc_column][\/vc_row][vc_row full_width=&#8221;stretch_row&#8221; css=&#8221;.vc_custom_1489241850692{padding-top: 50px !important;padding-bottom: 30px !important;background-color: #f9f9f9 !important;}&#8221;][vc_column css=&#8221;.vc_custom_1489228440142{padding-right: 20px !important;}&#8221;][vc_column_text]<\/p>\n<h2>Cursos intensivos de alem\u00e1n en Winterthur &#8211; A1, A2, B1, B2, C1, C2<\/h2>\n<p>Si necesita un visado para Suiza, por favor cont\u00e1ctenos. Tambi\u00e9n nos ocupamos de buscar un apartamento adecuado en Winterthur. Si tiene preguntas o problemas antes o durante el curso, cont\u00e1ctenos. Nuestros empleados siempre tienen un o\u00eddo abierto para sus necesidades. Nuestros precios &#8211; Cursos intensivos de alem\u00e1n en Winterthur<br \/>\nFecha de inicio: todos los lunes posibles<br \/>\nDuraci\u00f3n del curso: 4 semanas &#8211; de lunes a viernes de 9:00 a 12:00<br \/>\nprecios:<\/p>\n<ul>\n<li>1 semana: 395 CHF<\/li>\n<li>2 semanas: 580 CHF<\/li>\n<li>3 semanas: 675 CHF<\/li>\n<li>4 semanas 790 CHF<\/li>\n<\/ul>\n<p>[\/vc_column_text][\/vc_column][\/vc_row]<\/p>\n","protected":false},"excerpt":{"rendered":"<p>[vc_row full_width=&#8221;stretch_row_content_no_spaces&#8221; equal_height=&#8221;yes&#8221; tc_enable_overlay=&#8221;true&#8221; css=&#8221;.vc_custom_1608061324350{margin-top: 0px !important;padding-top: 0px !important;background-position: center !important;background-repeat: no-repeat !important;background-size: cover !important;}&#8221;][vc_column][vc_images_carousel images=&#8221;3702,3684,3690,3696&#8243; img_size=&#8221;full&#8221; onclick=&#8221;link_no&#8221; autoplay=&#8221;yes&#8221; hide_pagination_control=&#8221;yes&#8221;][\/vc_column][\/vc_row][vc_row full_width=&#8221;stretch_row&#8221; equal_height=&#8221;yes&#8221; content_placement=&#8221;middle&#8221; tc_enable_overlay=&#8221;true&#8221; css=&#8221;.vc_custom_1480401715002{padding-top: 30px !important;padding-bottom: 30px !important;}&#8221; el_class=&#8221;action-box m-b-none theme-bg-color&#8221;][vc_column width=&#8221;2\/3&#8243;][vc_column_text] \u00a1Aprender idiomas te abre nuevos caminos! Inscr\u00edbete ahora a nuestros cursos en Winterthur [\/vc_column_text][\/vc_column][vc_column width=&#8221;1\/3&#8243; css=&#8221;.vc_custom_1481804430561{padding-top: 15px !important;}&#8221; el_class=&#8221;text-right&#8221;][\/vc_column][\/vc_row][vc_row css=&#8221;.vc_custom_1489238430544{padding-top: 50px !important;}&#8221;][vc_column&hellip; <a class=\"read-more\" href=\"https:\/\/www.sprachschule-aktiv-winterthur.ch\/es\/\" title=\"Read Home Sprachschule Aktiv Winterthur\">Read more &raquo;<\/a><\/p>\n","protected":false},"author":1,"featured_media":0,"parent":0,"menu_order":0,"comment_status":"closed","ping_status":"closed","template":"templates\/page-vc_compatible.php","meta":{"footnotes":""},"class_list":["post-3084","page","type-page","status-publish","hentry"],"yoast_head":"<!-- This site is optimized with the Yoast SEO plugin v27.1.1 - https:\/\/yoast.com\/product\/yoast-seo-wordpress\/ -->\n<title>Cursos de alem\u00e1n en Winterthur - Aprender alem\u00e1n en la mejor escuela\u00a0<\/title>\n<meta name=\"description\" content=\"Aprender alem\u00e1n en Winterthur en clases con pocos alumnos y muy central. Cursos intensivos de alem\u00e1n de A1 a C2. Escuela especializada para cursos de alem\u00e1n\" \/>\n<meta name=\"robots\" content=\"index, follow, max-snippet:-1, max-image-preview:large, max-video-preview:-1\" \/>\n<link rel=\"canonical\" href=\"https:\/\/www.sprachschule-aktiv-winterthur.ch\/\" \/>\n<meta property=\"og:locale\" content=\"es_ES\" \/>\n<meta property=\"og:type\" content=\"article\" \/>\n<meta property=\"og:title\" content=\"Cursos de alem\u00e1n en Winterthur - Aprender alem\u00e1n en la mejor escuela\u00a0\" \/>\n<meta property=\"og:description\" content=\"Aprender alem\u00e1n en Winterthur en clases con pocos alumnos y muy central. Cursos intensivos de alem\u00e1n de A1 a C2. Escuela especializada para cursos de alem\u00e1n\" \/>\n<meta property=\"og:url\" content=\"https:\/\/www.sprachschule-aktiv-winterthur.ch\/\" \/>\n<meta property=\"og:site_name\" content=\"Sprachschule Aktiv\" \/>\n<meta property=\"article:modified_time\" content=\"2024-05-13T04:51:00+00:00\" \/>\n<meta name=\"twitter:card\" content=\"summary_large_image\" \/>\n<meta name=\"twitter:label1\" content=\"Tiempo de lectura\" \/>\n\t<meta name=\"twitter:data1\" content=\"4 minutos\" \/>\n<script type=\"application\/ld+json\" class=\"yoast-schema-graph\">{\"@context\":\"https:\/\/schema.org\",\"@graph\":[{\"@type\":\"WebPage\",\"@id\":\"https:\/\/www.sprachschule-aktiv-winterthur.ch\/\",\"url\":\"https:\/\/www.sprachschule-aktiv-winterthur.ch\/\",\"name\":\"Cursos de alem\u00e1n en Winterthur - Aprender alem\u00e1n en la mejor escuela\u00a0\",\"isPartOf\":{\"@id\":\"https:\/\/www.sprachschule-aktiv-winterthur.ch\/#website\"},\"datePublished\":\"2018-05-10T14:58:23+00:00\",\"dateModified\":\"2024-05-13T04:51:00+00:00\",\"description\":\"Aprender alem\u00e1n en Winterthur en clases con pocos alumnos y muy central. Cursos intensivos de alem\u00e1n de A1 a C2. Escuela especializada para cursos de alem\u00e1n\",\"breadcrumb\":{\"@id\":\"https:\/\/www.sprachschule-aktiv-winterthur.ch\/#breadcrumb\"},\"inLanguage\":\"es\",\"potentialAction\":[{\"@type\":\"ReadAction\",\"target\":[\"https:\/\/www.sprachschule-aktiv-winterthur.ch\/\"]}]},{\"@type\":\"BreadcrumbList\",\"@id\":\"https:\/\/www.sprachschule-aktiv-winterthur.ch\/#breadcrumb\",\"itemListElement\":[{\"@type\":\"ListItem\",\"position\":1,\"name\":\"Startseite\",\"item\":\"https:\/\/www.sprachschule-aktiv-winterthur.ch\/\"},{\"@type\":\"ListItem\",\"position\":2,\"name\":\"Home Sprachschule Aktiv Winterthur\"}]},{\"@type\":\"WebSite\",\"@id\":\"https:\/\/www.sprachschule-aktiv-winterthur.ch\/#website\",\"url\":\"https:\/\/www.sprachschule-aktiv-winterthur.ch\/\",\"name\":\"Sprachschule Aktiv\",\"description\":\"\",\"potentialAction\":[{\"@type\":\"SearchAction\",\"target\":{\"@type\":\"EntryPoint\",\"urlTemplate\":\"https:\/\/www.sprachschule-aktiv-winterthur.ch\/?s={search_term_string}\"},\"query-input\":{\"@type\":\"PropertyValueSpecification\",\"valueRequired\":true,\"valueName\":\"search_term_string\"}}],\"inLanguage\":\"es\"}]}<\/script>\n<!-- \/ Yoast SEO plugin. -->","yoast_head_json":{"title":"Cursos de alem\u00e1n en Winterthur - Aprender alem\u00e1n en la mejor escuela\u00a0","description":"Aprender alem\u00e1n en Winterthur en clases con pocos alumnos y muy central. Cursos intensivos de alem\u00e1n de A1 a C2. Escuela especializada para cursos de alem\u00e1n","robots":{"index":"index","follow":"follow","max-snippet":"max-snippet:-1","max-image-preview":"max-image-preview:large","max-video-preview":"max-video-preview:-1"},"canonical":"https:\/\/www.sprachschule-aktiv-winterthur.ch\/","og_locale":"es_ES","og_type":"article","og_title":"Cursos de alem\u00e1n en Winterthur - Aprender alem\u00e1n en la mejor escuela\u00a0","og_description":"Aprender alem\u00e1n en Winterthur en clases con pocos alumnos y muy central. Cursos intensivos de alem\u00e1n de A1 a C2. Escuela especializada para cursos de alem\u00e1n","og_url":"https:\/\/www.sprachschule-aktiv-winterthur.ch\/","og_site_name":"Sprachschule Aktiv","article_modified_time":"2024-05-13T04:51:00+00:00","twitter_card":"summary_large_image","twitter_misc":{"Tiempo de lectura":"4 minutos"},"schema":{"@context":"https:\/\/schema.org","@graph":[{"@type":"WebPage","@id":"https:\/\/www.sprachschule-aktiv-winterthur.ch\/","url":"https:\/\/www.sprachschule-aktiv-winterthur.ch\/","name":"Cursos de alem\u00e1n en Winterthur - Aprender alem\u00e1n en la mejor escuela\u00a0","isPartOf":{"@id":"https:\/\/www.sprachschule-aktiv-winterthur.ch\/#website"},"datePublished":"2018-05-10T14:58:23+00:00","dateModified":"2024-05-13T04:51:00+00:00","description":"Aprender alem\u00e1n en Winterthur en clases con pocos alumnos y muy central. Cursos intensivos de alem\u00e1n de A1 a C2. Escuela especializada para cursos de alem\u00e1n","breadcrumb":{"@id":"https:\/\/www.sprachschule-aktiv-winterthur.ch\/#breadcrumb"},"inLanguage":"es","potentialAction":[{"@type":"ReadAction","target":["https:\/\/www.sprachschule-aktiv-winterthur.ch\/"]}]},{"@type":"BreadcrumbList","@id":"https:\/\/www.sprachschule-aktiv-winterthur.ch\/#breadcrumb","itemListElement":[{"@type":"ListItem","position":1,"name":"Startseite","item":"https:\/\/www.sprachschule-aktiv-winterthur.ch\/"},{"@type":"ListItem","position":2,"name":"Home Sprachschule Aktiv Winterthur"}]},{"@type":"WebSite","@id":"https:\/\/www.sprachschule-aktiv-winterthur.ch\/#website","url":"https:\/\/www.sprachschule-aktiv-winterthur.ch\/","name":"Sprachschule Aktiv","description":"","potentialAction":[{"@type":"SearchAction","target":{"@type":"EntryPoint","urlTemplate":"https:\/\/www.sprachschule-aktiv-winterthur.ch\/?s={search_term_string}"},"query-input":{"@type":"PropertyValueSpecification","valueRequired":true,"valueName":"search_term_string"}}],"inLanguage":"es"}]}},"_links":{"self":[{"href":"https:\/\/www.sprachschule-aktiv-winterthur.ch\/es\/wp-json\/wp\/v2\/pages\/3084","targetHints":{"allow":["GET"]}}],"collection":[{"href":"https:\/\/www.sprachschule-aktiv-winterthur.ch\/es\/wp-json\/wp\/v2\/pages"}],"about":[{"href":"https:\/\/www.sprachschule-aktiv-winterthur.ch\/es\/wp-json\/wp\/v2\/types\/page"}],"author":[{"embeddable":true,"href":"https:\/\/www.sprachschule-aktiv-winterthur.ch\/es\/wp-json\/wp\/v2\/users\/1"}],"replies":[{"embeddable":true,"href":"https:\/\/www.sprachschule-aktiv-winterthur.ch\/es\/wp-json\/wp\/v2\/comments?post=3084"}],"version-history":[{"count":11,"href":"https:\/\/www.sprachschule-aktiv-winterthur.ch\/es\/wp-json\/wp\/v2\/pages\/3084\/revisions"}],"predecessor-version":[{"id":4470,"href":"https:\/\/www.sprachschule-aktiv-winterthur.ch\/es\/wp-json\/wp\/v2\/pages\/3084\/revisions\/4470"}],"wp:attachment":[{"href":"https:\/\/www.sprachschule-aktiv-winterthur.ch\/es\/wp-json\/wp\/v2\/media?parent=3084"}],"curies":[{"name":"wp","href":"https:\/\/api.w.org\/{rel}","templated":true}]}}