{"id":3092,"date":"2017-03-11T10:50:40","date_gmt":"2017-03-11T09:50:40","guid":{"rendered":"https:\/\/www.sprachschule-aktiv-winterthur.ch\/anmeldeformular\/"},"modified":"2018-12-26T07:06:24","modified_gmt":"2018-12-26T06:06:24","slug":"inscripcion","status":"publish","type":"page","link":"https:\/\/www.sprachschule-aktiv-winterthur.ch\/es\/inscripcion\/","title":{"rendered":"Inscripci\u00f3n"},"content":{"rendered":"<p>[vc_row css=&#8221;.vc_custom_1489245782370{padding-top: 50px !important;padding-bottom: 30px !important;}&#8221;][vc_column][vc_column_text]<\/p>\n<h1>Inscr\u00edbete en nuestros cursos de idiomas en Winterthur<\/h1>\n<p>Aqu\u00ed puedes inscribirte en uno de nuestros cursos de idiomas en Winterthur.\u00a0Formulario de inscripci\u00f3n para cursos de\u00a0alem\u00e1n en Winterthur.<br \/>\nInscr\u00edbete en nuestros cursos de idiomas.[\/vc_column_text][vc_row_inner][vc_column_inner width=&#8221;2\/3&#8243;]\n<div class=\"wpcf7 no-js\" id=\"wpcf7-f645-o1\" lang=\"de-DE\" dir=\"ltr\" data-wpcf7-id=\"645\">\n<div class=\"screen-reader-response\"><p role=\"status\" aria-live=\"polite\" aria-atomic=\"true\"><\/p> <ul><\/ul><\/div>\n<form action=\"\/es\/wp-json\/wp\/v2\/pages\/3092#wpcf7-f645-o1\" method=\"post\" class=\"wpcf7-form init wpcf7-acceptance-as-validation\" aria-label=\"Kontaktformular\" novalidate=\"novalidate\" data-status=\"init\">\n<fieldset class=\"hidden-fields-container\"><input type=\"hidden\" name=\"_wpcf7\" value=\"645\" \/><input type=\"hidden\" name=\"_wpcf7_version\" value=\"6.1.5\" \/><input type=\"hidden\" name=\"_wpcf7_locale\" value=\"de_DE\" \/><input type=\"hidden\" name=\"_wpcf7_unit_tag\" value=\"wpcf7-f645-o1\" \/><input type=\"hidden\" name=\"_wpcf7_container_post\" value=\"0\" \/><input type=\"hidden\" name=\"_wpcf7_posted_data_hash\" value=\"\" \/><input type=\"hidden\" name=\"_wpcf7_recaptcha_response\" value=\"\" \/>\n<\/fieldset>\n<h2>(1) Direcci\u00f3n:\n<\/h2>\n<p><label> Empresa<br \/>\n<span class=\"wpcf7-form-control-wrap\" data-name=\"firma\"><input size=\"40\" maxlength=\"400\" class=\"wpcf7-form-control wpcf7-text\" aria-invalid=\"false\" value=\"\" type=\"text\" name=\"firma\" \/><\/span> <\/label>\n<\/p>\n<p><label>Nombre*<br \/>\n<span class=\"wpcf7-form-control-wrap\" data-name=\"vorname\"><input size=\"40\" maxlength=\"400\" class=\"wpcf7-form-control wpcf7-text wpcf7-validates-as-required\" aria-required=\"true\" aria-invalid=\"false\" value=\"\" type=\"text\" name=\"vorname\" \/><\/span> <\/label>\n<\/p>\n<p><label> Apellidos*<br \/>\n<span class=\"wpcf7-form-control-wrap\" data-name=\"nachname\"><input size=\"40\" maxlength=\"400\" class=\"wpcf7-form-control wpcf7-text wpcf7-validates-as-required\" aria-required=\"true\" aria-invalid=\"false\" value=\"\" type=\"text\" name=\"nachname\" \/><\/span> <\/label>\n<\/p>\n<p><label> Calle\/N\u00b0*<br \/>\n<span class=\"wpcf7-form-control-wrap\" data-name=\"strasse\"><input size=\"40\" maxlength=\"400\" class=\"wpcf7-form-control wpcf7-text wpcf7-validates-as-required\" aria-required=\"true\" aria-invalid=\"false\" value=\"\" type=\"text\" name=\"strasse\" \/><\/span> <\/label>\n<\/p>\n<p><label> C\u00f3digo Postal\/Ciudad*<br \/>\n<span class=\"wpcf7-form-control-wrap\" data-name=\"plz\"><input size=\"40\" maxlength=\"400\" class=\"wpcf7-form-control wpcf7-text wpcf7-validates-as-required\" aria-required=\"true\" aria-invalid=\"false\" value=\"\" type=\"text\" name=\"plz\" \/><\/span> <\/label>\n<\/p>\n<p><label> Tel\u00e9fono*<br \/>\n<span class=\"wpcf7-form-control-wrap\" data-name=\"telefon\"><input size=\"40\" maxlength=\"400\" class=\"wpcf7-form-control wpcf7-tel wpcf7-validates-as-required wpcf7-text wpcf7-validates-as-tel\" aria-required=\"true\" aria-invalid=\"false\" value=\"\" type=\"tel\" name=\"telefon\" \/><\/span><\/label>\n<\/p>\n<p><label> E-Mail*<br \/>\n<span class=\"wpcf7-form-control-wrap\" data-name=\"email\"><input size=\"40\" maxlength=\"400\" class=\"wpcf7-form-control wpcf7-email wpcf7-validates-as-required wpcf7-text wpcf7-validates-as-email\" aria-required=\"true\" aria-invalid=\"false\" value=\"\" type=\"email\" name=\"email\" \/><\/span><\/label>\n<\/p>\n<h2>(2) Informaci\u00f3n del curso:\n<\/h2>\n<p><label> idioma*<br \/>\n<span class=\"wpcf7-form-control-wrap\" data-name=\"sprache\"><input size=\"40\" maxlength=\"400\" class=\"wpcf7-form-control wpcf7-text wpcf7-validates-as-required\" aria-required=\"true\" aria-invalid=\"false\" value=\"\" type=\"text\" name=\"sprache\" \/><\/span><\/label>\n<\/p>\n<p><label> Tipo de curso*<br \/>\n<span class=\"wpcf7-form-control-wrap\" data-name=\"kursart\"><input size=\"40\" maxlength=\"400\" class=\"wpcf7-form-control wpcf7-text wpcf7-validates-as-required\" aria-required=\"true\" aria-invalid=\"false\" value=\"\" type=\"text\" name=\"kursart\" \/><\/span><\/label>\n<\/p>\n<p><label> Nivel*<br \/>\n<span class=\"wpcf7-form-control-wrap\" data-name=\"niveau\"><input size=\"40\" maxlength=\"400\" class=\"wpcf7-form-control wpcf7-text wpcf7-validates-as-required\" aria-required=\"true\" aria-invalid=\"false\" value=\"\" type=\"text\" name=\"niveau\" \/><\/span><\/label>\n<\/p>\n<p><label> Comienzo del curso*<br \/>\n<span class=\"wpcf7-form-control-wrap\" data-name=\"kursbeginn\"><input size=\"40\" maxlength=\"400\" class=\"wpcf7-form-control wpcf7-text wpcf7-validates-as-required\" aria-required=\"true\" aria-invalid=\"false\" value=\"\" type=\"text\" name=\"kursbeginn\" \/><\/span><\/label>\n<\/p>\n<p><label> Lugar del curso*<br \/>\n<span class=\"wpcf7-form-control-wrap\" data-name=\"Kursort\"><input size=\"40\" maxlength=\"400\" class=\"wpcf7-form-control wpcf7-text wpcf7-validates-as-required\" aria-required=\"true\" aria-invalid=\"false\" value=\"\" type=\"text\" name=\"Kursort\" \/><\/span><\/label>\n<\/p>\n<p><label> Duraci\u00f3n del curso*<br \/>\n<span class=\"wpcf7-form-control-wrap\" data-name=\"dauer\"><input size=\"40\" maxlength=\"400\" class=\"wpcf7-form-control wpcf7-text wpcf7-validates-as-required\" aria-required=\"true\" aria-invalid=\"false\" value=\"\" type=\"text\" name=\"dauer\" \/><\/span><\/label>\n<\/p>\n<p><label> Horas a la semana deseadas<br \/>\n<span class=\"wpcf7-form-control-wrap\" data-name=\"stundenzahl\"><input size=\"40\" maxlength=\"400\" class=\"wpcf7-form-control wpcf7-text\" aria-invalid=\"false\" value=\"\" type=\"text\" name=\"stundenzahl\" \/><\/span><\/label>\n<\/p>\n<h2>(3) Pago:\n<\/h2>\n<p><label> M\u00e9todo de pago*<br \/>\n<span class=\"wpcf7-form-control-wrap\" data-name=\"zahlung\"><select class=\"wpcf7-form-control wpcf7-select wpcf7-validates-as-required\" aria-required=\"true\" aria-invalid=\"false\" name=\"zahlung\"><option value=\"En efectivo en horario de oficina en nuestra escuela\">En efectivo en horario de oficina en nuestra escuela<\/option><option value=\"Transferencia bancaria\">Transferencia bancaria<\/option><option value=\"El pago con tarjeta de cr\u00e9dito es posible en nuestras escuelas\">El pago con tarjeta de cr\u00e9dito es posible en nuestras escuelas<\/option><\/select><\/span><\/label>\n<\/p>\n<h2>(4) Comentario, dudas...:\n<\/h2>\n<p><label> Comentario*<br \/>\n<span class=\"wpcf7-form-control-wrap\" data-name=\"bemerkungen\"><textarea cols=\"40\" rows=\"10\" maxlength=\"2000\" class=\"wpcf7-form-control wpcf7-textarea\" aria-invalid=\"false\" name=\"bemerkungen\"><\/textarea><\/span><\/label>\n<\/p>\n<div style=\"\">\n\t<p><span class=\"wpcf7-form-control-wrap\" data-name=\"agb\"><span class=\"wpcf7-form-control wpcf7-acceptance\"><span class=\"wpcf7-list-item\"><input type=\"checkbox\" name=\"agb\" value=\"1\" aria-invalid=\"false\" \/><\/span><\/span><\/span> (*) He le\u00eddo y acepto los <a href=\"\/allgemeine-geschaftsbedingungen\/\" target=\"_blank\">t\u00e9rminos legales<\/a> y <a href=\"\/impressum\/\" target=\"_blank\">pol\u00edtica de privacidad de datos<\/a>.\n\t<\/p>\n<\/div>\n<p><input class=\"wpcf7-form-control wpcf7-submit has-spinner\" type=\"submit\" value=\"Inscribirme en el curso\" \/>\n<\/p><div class=\"wpcf7-response-output\" aria-hidden=\"true\"><\/div>\n<\/form>\n<\/div>\n[\/vc_column_inner][vc_column_inner width=&#8221;1\/3&#8243; css=&#8221;.vc_custom_1486286691342{margin-top: 15px !important;}&#8221;][vc_column_text]<\/p>\n<h3>Sprachschule Aktiv Winterthur<\/h3>\n<p>[\/vc_column_text][vc_gmaps link=&#8221;#E-8_JTNDaWZyYW1lJTIwc3JjJTNEJTIyaHR0cHMlM0ElMkYlMkZ3d3cuZ29vZ2xlLmNvbSUyRm1hcHMlMkZlbWJlZCUzRnBiJTNEJTIxMW0xOCUyMTFtMTIlMjExbTMlMjExZDI3MDAuMDIyMjMyNzE4Njk0JTIxMmQ4LjUyMjg1MTUxNTc5NTgwMiUyMTNkNDcuNDExNTA3NTA5NDI3NTElMjEybTMlMjExZjAlMjEyZjAlMjEzZjAlMjEzbTIlMjExaTEwMjQlMjEyaTc2OCUyMTRmMTMuMSUyMTNtMyUyMTFtMiUyMTFzMHg0NzkwMGFmNDZkMmUwNGJkJTI1M0EweDI2ZTI1ZWU5MmU1NjUxZmIlMjEyc1NwcmFjaHNjaHVsZSUyQkFrdGl2JTJCWiUyNUMzJTI1QkNyaWNoJTIxNWUwJTIxM20yJTIxMXNlcyUyMTJzZGUlMjE0djE0ODkyMzI0NTMyMTclMjIlMjB3aWR0aCUzRCUyMjEwMCUyNSUyMiUyMGhlaWdodCUzRCUyMjE1MCUyMiUyMGZyYW1lYm9yZGVyJTNEJTIyMCUyMiUyMHN0eWxlJTNEJTIyYm9yZGVyJTNBMCUyMiUyMGFsbG93ZnVsbHNjcmVlbiUzRSUzQyUyRmlmcmFtZSUzRQ==&#8221;][vc_column_text]Direcci\u00f3n: Technickumstrasse 84, 8400 Winterthur<\/p>\n<p>Tel\u00e9fono: 052 525 \u00a014 53<\/p>\n<p>Tel.: +41-43- 540 09 53<br \/>\nTel.: +41-79- 943 72 12<\/p>\n<p>E-Mail: <a href=\"mailto:kontakt@sprachschule-aktiv.ch\">kontakt@sprachschule-aktiv.ch<\/a><br \/>\nInternet:\u00a0<a href=\"https:\/\/www.sprachschule-aktiv-winterthur.ch\/es\/\">https:\/\/www.sprachschule-aktiv-winterthur.ch\/es\/<\/a>[\/vc_column_text][\/vc_column_inner][\/vc_row_inner][\/vc_column][\/vc_row]<\/p>\n","protected":false},"excerpt":{"rendered":"<p>[vc_row css=&#8221;.vc_custom_1489245782370{padding-top: 50px !important;padding-bottom: 30px !important;}&#8221;][vc_column][vc_column_text] Inscr\u00edbete en nuestros cursos de idiomas en Winterthur Aqu\u00ed puedes inscribirte en uno de nuestros cursos de idiomas en Winterthur.\u00a0Formulario de inscripci\u00f3n para cursos de\u00a0alem\u00e1n en Winterthur. Inscr\u00edbete en nuestros cursos de idiomas.[\/vc_column_text][vc_row_inner][vc_column_inner width=&#8221;2\/3&#8243;][\/vc_column_inner][vc_column_inner width=&#8221;1\/3&#8243; css=&#8221;.vc_custom_1486286691342{margin-top: 15px !important;}&#8221;][vc_column_text] Sprachschule Aktiv Winterthur [\/vc_column_text][vc_gmaps link=&#8221;#E-8_JTNDaWZyYW1lJTIwc3JjJTNEJTIyaHR0cHMlM0ElMkYlMkZ3d3cuZ29vZ2xlLmNvbSUyRm1hcHMlMkZlbWJlZCUzRnBiJTNEJTIxMW0xOCUyMTFtMTIlMjExbTMlMjExZDI3MDAuMDIyMjMyNzE4Njk0JTIxMmQ4LjUyMjg1MTUxNTc5NTgwMiUyMTNkNDcuNDExNTA3NTA5NDI3NTElMjEybTMlMjExZjAlMjEyZjAlMjEzZjAlMjEzbTIlMjExaTEwMjQlMjEyaTc2OCUyMTRmMTMuMSUyMTNtMyUyMTFtMiUyMTFzMHg0NzkwMGFmNDZkMmUwNGJkJTI1M0EweDI2ZTI1ZWU5MmU1NjUxZmIlMjEyc1NwcmFjaHNjaHVsZSUyQkFrdGl2JTJCWiUyNUMzJTI1QkNyaWNoJTIxNWUwJTIxM20yJTIxMXNlcyUyMTJzZGUlMjE0djE0ODkyMzI0NTMyMTclMjIlMjB3aWR0aCUzRCUyMjEwMCUyNSUyMiUyMGhlaWdodCUzRCUyMjE1MCUyMiUyMGZyYW1lYm9yZGVyJTNEJTIyMCUyMiUyMHN0eWxlJTNEJTIyYm9yZGVyJTNBMCUyMiUyMGFsbG93ZnVsbHNjcmVlbiUzRSUzQyUyRmlmcmFtZSUzRQ==&#8221;][vc_column_text]Direcci\u00f3n: Technickumstrasse 84, 8400 Winterthur Tel\u00e9fono: 052&hellip; <a class=\"read-more\" href=\"https:\/\/www.sprachschule-aktiv-winterthur.ch\/es\/inscripcion\/\" title=\"Read Inscripci\u00f3n\">Read more &raquo;<\/a><\/p>\n","protected":false},"author":1,"featured_media":0,"parent":0,"menu_order":0,"comment_status":"closed","ping_status":"closed","template":"","meta":{"footnotes":""},"class_list":["post-3092","page","type-page","status-publish","hentry"],"yoast_head":"<!-- This site is optimized with the Yoast SEO plugin v27.1.1 - https:\/\/yoast.com\/product\/yoast-seo-wordpress\/ -->\n<title>Formulario de inscripci\u00f3n para cursos de alem\u00e1n en Winterthur<\/title>\n<meta name=\"description\" content=\"Inscr\u00edbete en nuestros cursos de idiomas en Winterthur. Formulario de inscripci\u00f3n para nuestros cursos de alem\u00e1n en todos los niveles\" \/>\n<meta name=\"robots\" content=\"index, follow, max-snippet:-1, max-image-preview:large, max-video-preview:-1\" \/>\n<link rel=\"canonical\" href=\"https:\/\/www.sprachschule-aktiv-winterthur.ch\/es\/inscripcion\/\" \/>\n<meta property=\"og:locale\" content=\"es_ES\" \/>\n<meta property=\"og:type\" content=\"article\" \/>\n<meta property=\"og:title\" content=\"Formulario de inscripci\u00f3n para cursos de alem\u00e1n en Winterthur\" \/>\n<meta property=\"og:description\" content=\"Inscr\u00edbete en nuestros cursos de idiomas en Winterthur. Formulario de inscripci\u00f3n para nuestros cursos de alem\u00e1n en todos los niveles\" \/>\n<meta property=\"og:url\" content=\"https:\/\/www.sprachschule-aktiv-winterthur.ch\/es\/inscripcion\/\" \/>\n<meta property=\"og:site_name\" content=\"Sprachschule Aktiv\" \/>\n<meta property=\"article:modified_time\" content=\"2018-12-26T06:06:24+00:00\" \/>\n<meta name=\"twitter:card\" content=\"summary_large_image\" \/>\n<meta name=\"twitter:label1\" content=\"Tiempo de lectura\" \/>\n\t<meta name=\"twitter:data1\" content=\"1 minuto\" \/>\n<script type=\"application\/ld+json\" class=\"yoast-schema-graph\">{\"@context\":\"https:\/\/schema.org\",\"@graph\":[{\"@type\":\"WebPage\",\"@id\":\"https:\/\/www.sprachschule-aktiv-winterthur.ch\/es\/inscripcion\/\",\"url\":\"https:\/\/www.sprachschule-aktiv-winterthur.ch\/es\/inscripcion\/\",\"name\":\"Formulario de inscripci\u00f3n para cursos de alem\u00e1n en Winterthur\",\"isPartOf\":{\"@id\":\"https:\/\/www.sprachschule-aktiv-winterthur.ch\/#website\"},\"datePublished\":\"2017-03-11T09:50:40+00:00\",\"dateModified\":\"2018-12-26T06:06:24+00:00\",\"description\":\"Inscr\u00edbete en nuestros cursos de idiomas en Winterthur. Formulario de inscripci\u00f3n para nuestros cursos de alem\u00e1n en todos los niveles\",\"breadcrumb\":{\"@id\":\"https:\/\/www.sprachschule-aktiv-winterthur.ch\/es\/inscripcion\/#breadcrumb\"},\"inLanguage\":\"es\",\"potentialAction\":[{\"@type\":\"ReadAction\",\"target\":[\"https:\/\/www.sprachschule-aktiv-winterthur.ch\/es\/inscripcion\/\"]}]},{\"@type\":\"BreadcrumbList\",\"@id\":\"https:\/\/www.sprachschule-aktiv-winterthur.ch\/es\/inscripcion\/#breadcrumb\",\"itemListElement\":[{\"@type\":\"ListItem\",\"position\":1,\"name\":\"Startseite\",\"item\":\"https:\/\/www.sprachschule-aktiv-winterthur.ch\/\"},{\"@type\":\"ListItem\",\"position\":2,\"name\":\"Inscripci\u00f3n\"}]},{\"@type\":\"WebSite\",\"@id\":\"https:\/\/www.sprachschule-aktiv-winterthur.ch\/#website\",\"url\":\"https:\/\/www.sprachschule-aktiv-winterthur.ch\/\",\"name\":\"Sprachschule Aktiv\",\"description\":\"\",\"potentialAction\":[{\"@type\":\"SearchAction\",\"target\":{\"@type\":\"EntryPoint\",\"urlTemplate\":\"https:\/\/www.sprachschule-aktiv-winterthur.ch\/?s={search_term_string}\"},\"query-input\":{\"@type\":\"PropertyValueSpecification\",\"valueRequired\":true,\"valueName\":\"search_term_string\"}}],\"inLanguage\":\"es\"}]}<\/script>\n<!-- \/ Yoast SEO plugin. -->","yoast_head_json":{"title":"Formulario de inscripci\u00f3n para cursos de alem\u00e1n en Winterthur","description":"Inscr\u00edbete en nuestros cursos de idiomas en Winterthur. Formulario de inscripci\u00f3n para nuestros cursos de alem\u00e1n en todos los niveles","robots":{"index":"index","follow":"follow","max-snippet":"max-snippet:-1","max-image-preview":"max-image-preview:large","max-video-preview":"max-video-preview:-1"},"canonical":"https:\/\/www.sprachschule-aktiv-winterthur.ch\/es\/inscripcion\/","og_locale":"es_ES","og_type":"article","og_title":"Formulario de inscripci\u00f3n para cursos de alem\u00e1n en Winterthur","og_description":"Inscr\u00edbete en nuestros cursos de idiomas en Winterthur. Formulario de inscripci\u00f3n para nuestros cursos de alem\u00e1n en todos los niveles","og_url":"https:\/\/www.sprachschule-aktiv-winterthur.ch\/es\/inscripcion\/","og_site_name":"Sprachschule Aktiv","article_modified_time":"2018-12-26T06:06:24+00:00","twitter_card":"summary_large_image","twitter_misc":{"Tiempo de lectura":"1 minuto"},"schema":{"@context":"https:\/\/schema.org","@graph":[{"@type":"WebPage","@id":"https:\/\/www.sprachschule-aktiv-winterthur.ch\/es\/inscripcion\/","url":"https:\/\/www.sprachschule-aktiv-winterthur.ch\/es\/inscripcion\/","name":"Formulario de inscripci\u00f3n para cursos de alem\u00e1n en Winterthur","isPartOf":{"@id":"https:\/\/www.sprachschule-aktiv-winterthur.ch\/#website"},"datePublished":"2017-03-11T09:50:40+00:00","dateModified":"2018-12-26T06:06:24+00:00","description":"Inscr\u00edbete en nuestros cursos de idiomas en Winterthur. Formulario de inscripci\u00f3n para nuestros cursos de alem\u00e1n en todos los niveles","breadcrumb":{"@id":"https:\/\/www.sprachschule-aktiv-winterthur.ch\/es\/inscripcion\/#breadcrumb"},"inLanguage":"es","potentialAction":[{"@type":"ReadAction","target":["https:\/\/www.sprachschule-aktiv-winterthur.ch\/es\/inscripcion\/"]}]},{"@type":"BreadcrumbList","@id":"https:\/\/www.sprachschule-aktiv-winterthur.ch\/es\/inscripcion\/#breadcrumb","itemListElement":[{"@type":"ListItem","position":1,"name":"Startseite","item":"https:\/\/www.sprachschule-aktiv-winterthur.ch\/"},{"@type":"ListItem","position":2,"name":"Inscripci\u00f3n"}]},{"@type":"WebSite","@id":"https:\/\/www.sprachschule-aktiv-winterthur.ch\/#website","url":"https:\/\/www.sprachschule-aktiv-winterthur.ch\/","name":"Sprachschule Aktiv","description":"","potentialAction":[{"@type":"SearchAction","target":{"@type":"EntryPoint","urlTemplate":"https:\/\/www.sprachschule-aktiv-winterthur.ch\/?s={search_term_string}"},"query-input":{"@type":"PropertyValueSpecification","valueRequired":true,"valueName":"search_term_string"}}],"inLanguage":"es"}]}},"_links":{"self":[{"href":"https:\/\/www.sprachschule-aktiv-winterthur.ch\/es\/wp-json\/wp\/v2\/pages\/3092","targetHints":{"allow":["GET"]}}],"collection":[{"href":"https:\/\/www.sprachschule-aktiv-winterthur.ch\/es\/wp-json\/wp\/v2\/pages"}],"about":[{"href":"https:\/\/www.sprachschule-aktiv-winterthur.ch\/es\/wp-json\/wp\/v2\/types\/page"}],"author":[{"embeddable":true,"href":"https:\/\/www.sprachschule-aktiv-winterthur.ch\/es\/wp-json\/wp\/v2\/users\/1"}],"replies":[{"embeddable":true,"href":"https:\/\/www.sprachschule-aktiv-winterthur.ch\/es\/wp-json\/wp\/v2\/comments?post=3092"}],"version-history":[{"count":4,"href":"https:\/\/www.sprachschule-aktiv-winterthur.ch\/es\/wp-json\/wp\/v2\/pages\/3092\/revisions"}],"predecessor-version":[{"id":3226,"href":"https:\/\/www.sprachschule-aktiv-winterthur.ch\/es\/wp-json\/wp\/v2\/pages\/3092\/revisions\/3226"}],"wp:attachment":[{"href":"https:\/\/www.sprachschule-aktiv-winterthur.ch\/es\/wp-json\/wp\/v2\/media?parent=3092"}],"curies":[{"name":"wp","href":"https:\/\/api.w.org\/{rel}","templated":true}]}}