{"id":3388,"date":"2018-05-10T16:58:23","date_gmt":"2018-05-10T14:58:23","guid":{"rendered":"https:\/\/www.sprachschule-aktiv-winterthur.ch\/principal\/"},"modified":"2024-05-13T06:51:46","modified_gmt":"2024-05-13T04:51:46","slug":"principal","status":"publish","type":"page","link":"https:\/\/www.sprachschule-aktiv-winterthur.ch\/fr\/","title":{"rendered":"Home Sprachschule Aktiv Winterthur"},"content":{"rendered":"<p>[vc_row full_width=&#8221;stretch_row_content_no_spaces&#8221; equal_height=&#8221;yes&#8221; tc_enable_overlay=&#8221;true&#8221; css=&#8221;.vc_custom_1608061748175{margin-top: 0px !important;padding-top: 0px !important;background-position: center !important;background-repeat: no-repeat !important;background-size: cover !important;}&#8221;][vc_column][vc_images_carousel images=&#8221;3731,3713,3719,3725&#8243; img_size=&#8221;full&#8221; onclick=&#8221;link_no&#8221; autoplay=&#8221;yes&#8221; hide_pagination_control=&#8221;yes&#8221;][\/vc_column][\/vc_row][vc_row full_width=&#8221;stretch_row&#8221; equal_height=&#8221;yes&#8221; content_placement=&#8221;middle&#8221; tc_enable_overlay=&#8221;true&#8221; css=&#8221;.vc_custom_1480401715002{padding-top: 30px !important;padding-bottom: 30px !important;}&#8221; el_class=&#8221;action-box m-b-none theme-bg-color&#8221;][vc_column width=&#8221;2\/3&#8243;][vc_column_text]<\/p>\n<h3 class=\"text-white\">Apprendre l&#8217;allemand \u00e0 Winterthur<\/h3>\n<p class=\"text-white\">Cours d&#8217;allemand de A1 \u00e0 C2 dans une \u00e9cole de langues<\/p>\n<p>[\/vc_column_text][\/vc_column][vc_column width=&#8221;1\/3&#8243; css=&#8221;.vc_custom_1481804430561{padding-top: 15px !important;}&#8221; el_class=&#8221;text-right&#8221;]\t<div class=\"vc_btn3-container vc_btn3-inline\">\n\t\t<a href=\"\/fr\/inscription\/\" class=\"pgs_btn pgs_btn_style_2 pgs_btn_xl\">\n\t\t\t<span>\n\t\t\t\tInscription\t\t\t<\/span>\n\t\t\t\t\t\t<i class=\"fa fa-chevron-right\"><\/i>\n\t\t\t\t\t<\/a>\n\t<\/div>\n\t[\/vc_column][\/vc_row][vc_row css=&#8221;.vc_custom_1489238430544{padding-top: 50px !important;}&#8221;][vc_column css=&#8221;.vc_custom_1489228440142{padding-right: 20px !important;}&#8221;][vc_column_text]<\/p>\n<h1>Apprendre l\u2019allemand \u00e0 Winterthour \u2013 Ecole de langues pour des cours d\u2019allemand de A1 \u00e0 C2<\/h1>\n<p>[\/vc_column_text][vc_row_inner][vc_column_inner width=&#8221;1\/2&#8243;][vc_video link=&#8221;https:\/\/www.youtube.com\/embed\/OmlDX1rDL-w&#8221;][\/vc_column_inner][vc_column_inner width=&#8221;1\/2&#8243;][vc_column_text]Si vous voulez apprendre l\u2019allemand, vous ne devez pas forc\u00e9ment aller en Allemagne. Notre \u00e9cole \u00ab Sprachschule Aktiv \u00bb est \u00e9galement pr\u00e9sente \u00e0 Winterthour et nous vous y proposons des cours d\u2019allemand de qualit\u00e9. Que vous recherchiez des connaissances pour vos \u00e9tudes, votre m\u00e9tier ou pour votre prochain voyage, nous avons les types de cours qu\u2019il vous faut. Les cours concernent les niveaux A1, A2, B1, B2, C1 et C2.[\/vc_column_text][\/vc_column_inner][\/vc_row_inner][\/vc_column][\/vc_row][vc_row full_width=&#8221;stretch_row&#8221; css=&#8221;.vc_custom_1696923512071{padding-top: 20px !important;padding-bottom: 20px !important;background-color: #f8f8f8 !important;background-position: 0 0 !important;background-repeat: no-repeat !important;}&#8221;][vc_column css=&#8221;.vc_custom_1489228440142{padding-right: 20px !important;}&#8221;][vc_column_text]<\/p>\n<h2>Notre palette de cours : Allemand Intensif, Priv\u00e9 et cours du soir \u00e0 Winterhour<\/h2>\n<p>Les motivations pour apprendre l\u2019allemand diff\u00e8rent beaucoup. Nous proposons des mod\u00e8les de cours bien diff\u00e9rents les uns des autres. Nous sommes l\u00e0 pour vous conseiller le type de cours qui vous permettra d\u2019atteindre vos objectifs.<br \/>\nSi jamais vous n\u2019\u00eates pas press\u00e9 par le temps, un cours du soir, une fois par semaine \u00e0 Winterthour est optimal. Votre temps d\u2018apprentissage sera \u00e9lev\u00e9 mais au moins vous serez plus d\u00e9tendu et aurez ainsi la possibilit\u00e9 de faire d\u2019autres activit\u00e9s.<\/p>\n<p>Si vous souhaitez apprendre tr\u00e8s vite, commandez un cours intensif. Les cours auront lieu tous les jours et vous pourrez alors dialoguer en allemand au bout de quelques cours. Si vous souhaitez des cours particuli\u00e8rement intensifs, nous vous recommandons des cours priv\u00e9s avec le professeur de votre choix. Si vous voulez vous pr\u00e9parer au Test \u201eAllemand en langue \u00e9trang\u00e8re\u201c (TestDaF), nous avons \u00e9galement le bon cours pour vous.<\/p>\n<p>Si vous souhaitez \u00e9tudier et habiter en Suisse sur une p\u00e9riode plus longue, nous vous remettrons le VISA correspondant. Bien naturellement, nous vous communiquerons une adresse qui vous conviens, pour que vous puissiez habiter ici le temps de votre s\u00e9jour linguistique.[\/vc_column_text][\/vc_column][\/vc_row][vc_row full_width=&#8221;stretch_row&#8221; css=&#8221;.vc_custom_1489239164915{padding-top: 50px !important;padding-bottom: 40px !important;}&#8221;][vc_column css=&#8221;.vc_custom_1489228440142{padding-right: 20px !important;}&#8221;][vc_column_text]<\/p>\n<h2>Nous vous communiquons gratuitement votre niveau de langue<\/h2>\n<p>[\/vc_column_text][vc_row_inner][vc_column_inner width=&#8221;1\/2&#8243;][vc_single_image image=&#8221;4280&#8243; img_size=&#8221;full&#8221;][\/vc_column_inner][vc_column_inner width=&#8221;1\/2&#8243;][vc_column_text]R\u00e9guli\u00e8rement, des \u00e9l\u00e8ves se retrouve dans le mauvais cours. Parfois ils s\u2019ennuient parce qu\u2019ils ma\u00eetrisent d\u00e9j\u00e0 le contenu du cours, sinon ils sont surmen\u00e9s. Nous vous proposons d\u2019effectuer un test de niveau gratuit directement sur notre site internet. Ainsi vous aurez connaissance de votre niveau actuel et \u00e9conomiserez du temps et de l\u2019argent. Si vous habitez pr\u00e8s de Winterthour ou que vous souhaitez visiter la ville, vous pourrez aussi faire ce Test dans notre \u00e9cole. Votre visite nous r\u00e9jouirait.[\/vc_column_text]\t<div class=\"vc_btn3-container vc_btn3-inline\">\n\t\t<a href=\"\/fr\/contactez-nous\/\" class=\"pgs_btn pgs_btn_style_1 pgs_btn_lg\">\n\t\t\t<span>\n\t\t\t\tContactez-nous\t\t\t<\/span>\n\t\t\t\t\t<\/a>\n\t<\/div>\n\t[\/vc_column_inner][\/vc_row_inner][vc_column_text]<\/p>\n<h2>Des professeurs aimables et exp\u00e9riment\u00e9s enseignent dans de petits groupes<\/h2>\n<p>Lors de nos cours, nous veillons \u00e0 ce que les classes ne d\u00e9passent jamais 10 \u00e9l\u00e8ves, ainsi vous pourrez bien vous entrainer. Pour apprendre une langue, il faut l\u2019utiliser r\u00e9guli\u00e8rement. C\u2019est pour cela que nous donnons \u00e0 nos cours de nombreux aspects pratiques. Notre \u00e9quipe est constitu\u00e9e essentiellement de p\u00e9dagogues ou de professeur qui poss\u00e8dent une sensibilit\u00e9 particuli\u00e8re pour la p\u00e9dagogie et qui enseignent dans leur langue maternelle. Lors des entretiens d\u2019embauche, nous ne v\u00e9rifions pas seulement leurs qualifications professionnelles mais nous nous basons \u00e9galement sur des crit\u00e8res plus profonds comme la bienveillance et la capacit\u00e9 de rendre un cours dr\u00f4le et int\u00e9ressant. Pour nous, il est tr\u00e8s important que nos cours vous comblent.[\/vc_column_text][\/vc_column][\/vc_row][vc_row full_width=&#8221;stretch_row&#8221; css=&#8221;.vc_custom_1562928125320{padding-top: 10px !important;padding-bottom: 10px !important;background-color: #f9f9f9 !important;}&#8221;][vc_column css=&#8221;.vc_custom_1489228440142{padding-right: 20px !important;}&#8221;][vc_column_text]<\/p>\n<h2>Cours d\u2019allemand \u00e0 Winterthour \u2013 Utilisez notre proposition de service<\/h2>\n<p>Besoin d\u2019un VISA pour la Suisse ? Demandez-le-nous, tout simplement. Nous rechercherons \u00e9galement un logement adapt\u00e9 pour vous, \u00e0 Winterthour. Si vous avez des questions particuli\u00e8res ou que vous rencontrez quelconques probl\u00e8mes, tournez-vous vers nous. Notre \u00e9quipe saura vous \u00e9couter.[\/vc_column_text][\/vc_column][\/vc_row][vc_row full_width=&#8221;stretch_row&#8221; css=&#8221;.vc_custom_1489241858110{padding-top: 50px !important;padding-bottom: 30px !important;}&#8221;][vc_column css=&#8221;.vc_custom_1489228440142{padding-right: 20px !important;}&#8221;][vc_column_text]<\/p>\n<h2>Nos prix \u2013 Cours d\u2019allemand intensifs \u00e0 Winterthour<\/h2>\n<p>Premier rendez-vous : Possible chaque Lundi<br \/>\nDur\u00e9e du cours : 4 semaines \u2013 Du lundi au vendredi de 9h00 \u00e0 12h00.<\/p>\n<p><strong>Prix :<\/strong><\/p>\n<ul>\n<li>1 semaine : 395 CHF<\/li>\n<li>2 semaines : 580 CHF<\/li>\n<li>3 semaines : 675 CHF<\/li>\n<li>4 semaines : 790 CHF<\/li>\n<\/ul>\n<p>* CHF: franc suisse[\/vc_column_text][\/vc_column][\/vc_row]<\/p>\n","protected":false},"excerpt":{"rendered":"<p>[vc_row full_width=&#8221;stretch_row_content_no_spaces&#8221; equal_height=&#8221;yes&#8221; tc_enable_overlay=&#8221;true&#8221; css=&#8221;.vc_custom_1608061748175{margin-top: 0px !important;padding-top: 0px !important;background-position: center !important;background-repeat: no-repeat !important;background-size: cover !important;}&#8221;][vc_column][vc_images_carousel images=&#8221;3731,3713,3719,3725&#8243; img_size=&#8221;full&#8221; onclick=&#8221;link_no&#8221; autoplay=&#8221;yes&#8221; hide_pagination_control=&#8221;yes&#8221;][\/vc_column][\/vc_row][vc_row full_width=&#8221;stretch_row&#8221; equal_height=&#8221;yes&#8221; content_placement=&#8221;middle&#8221; tc_enable_overlay=&#8221;true&#8221; css=&#8221;.vc_custom_1480401715002{padding-top: 30px !important;padding-bottom: 30px !important;}&#8221; el_class=&#8221;action-box m-b-none theme-bg-color&#8221;][vc_column width=&#8221;2\/3&#8243;][vc_column_text] Apprendre l&#8217;allemand \u00e0 Winterthur Cours d&#8217;allemand de A1 \u00e0 C2 dans une \u00e9cole de langues [\/vc_column_text][\/vc_column][vc_column width=&#8221;1\/3&#8243; css=&#8221;.vc_custom_1481804430561{padding-top: 15px !important;}&#8221; el_class=&#8221;text-right&#8221;][\/vc_column][\/vc_row][vc_row css=&#8221;.vc_custom_1489238430544{padding-top:&hellip; <a class=\"read-more\" href=\"https:\/\/www.sprachschule-aktiv-winterthur.ch\/fr\/\" title=\"Read Home Sprachschule Aktiv Winterthur\">Read more &raquo;<\/a><\/p>\n","protected":false},"author":1,"featured_media":0,"parent":0,"menu_order":0,"comment_status":"closed","ping_status":"closed","template":"templates\/page-vc_compatible.php","meta":{"footnotes":""},"class_list":["post-3388","page","type-page","status-publish","hentry"],"yoast_head":"<!-- This site is optimized with the Yoast SEO plugin v27.1.1 - https:\/\/yoast.com\/product\/yoast-seo-wordpress\/ -->\n<title>Apprendre l\u2019allemand \u00e0 Winterthour \u2013 \u00c9cole de langue allemande<\/title>\n<meta name=\"description\" content=\"Apprendre l\u2019allemand \u00e0 Winterthour. Ecole de langues pour des cours d\u2019allemand de A1 \u00e0 C2. Cours d&#039;allemand en petits groupes et \u00e0 prix raisonnable.\" \/>\n<meta name=\"robots\" content=\"index, follow, max-snippet:-1, max-image-preview:large, max-video-preview:-1\" \/>\n<link rel=\"canonical\" href=\"https:\/\/www.sprachschule-aktiv-winterthur.ch\/\" \/>\n<meta property=\"og:locale\" content=\"fr_FR\" \/>\n<meta property=\"og:type\" content=\"article\" \/>\n<meta property=\"og:title\" content=\"Apprendre l\u2019allemand \u00e0 Winterthour \u2013 \u00c9cole de langue allemande\" \/>\n<meta property=\"og:description\" content=\"Apprendre l\u2019allemand \u00e0 Winterthour. Ecole de langues pour des cours d\u2019allemand de A1 \u00e0 C2. Cours d&#039;allemand en petits groupes et \u00e0 prix raisonnable.\" \/>\n<meta property=\"og:url\" content=\"https:\/\/www.sprachschule-aktiv-winterthur.ch\/\" \/>\n<meta property=\"og:site_name\" content=\"Sprachschule Aktiv\" \/>\n<meta property=\"article:modified_time\" content=\"2024-05-13T04:51:46+00:00\" \/>\n<meta name=\"twitter:card\" content=\"summary_large_image\" \/>\n<meta name=\"twitter:label1\" content=\"Dur\u00e9e de lecture estim\u00e9e\" \/>\n\t<meta name=\"twitter:data1\" content=\"4 minutes\" \/>\n<script type=\"application\/ld+json\" class=\"yoast-schema-graph\">{\"@context\":\"https:\/\/schema.org\",\"@graph\":[{\"@type\":\"WebPage\",\"@id\":\"https:\/\/www.sprachschule-aktiv-winterthur.ch\/\",\"url\":\"https:\/\/www.sprachschule-aktiv-winterthur.ch\/\",\"name\":\"Apprendre l\u2019allemand \u00e0 Winterthour \u2013 \u00c9cole de langue allemande\",\"isPartOf\":{\"@id\":\"https:\/\/www.sprachschule-aktiv-winterthur.ch\/#website\"},\"datePublished\":\"2018-05-10T14:58:23+00:00\",\"dateModified\":\"2024-05-13T04:51:46+00:00\",\"description\":\"Apprendre l\u2019allemand \u00e0 Winterthour. Ecole de langues pour des cours d\u2019allemand de A1 \u00e0 C2. Cours d'allemand en petits groupes et \u00e0 prix raisonnable.\",\"breadcrumb\":{\"@id\":\"https:\/\/www.sprachschule-aktiv-winterthur.ch\/#breadcrumb\"},\"inLanguage\":\"fr-FR\",\"potentialAction\":[{\"@type\":\"ReadAction\",\"target\":[\"https:\/\/www.sprachschule-aktiv-winterthur.ch\/\"]}]},{\"@type\":\"BreadcrumbList\",\"@id\":\"https:\/\/www.sprachschule-aktiv-winterthur.ch\/#breadcrumb\",\"itemListElement\":[{\"@type\":\"ListItem\",\"position\":1,\"name\":\"Startseite\",\"item\":\"https:\/\/www.sprachschule-aktiv-winterthur.ch\/\"},{\"@type\":\"ListItem\",\"position\":2,\"name\":\"Home Sprachschule Aktiv Winterthur\"}]},{\"@type\":\"WebSite\",\"@id\":\"https:\/\/www.sprachschule-aktiv-winterthur.ch\/#website\",\"url\":\"https:\/\/www.sprachschule-aktiv-winterthur.ch\/\",\"name\":\"Sprachschule Aktiv\",\"description\":\"\",\"potentialAction\":[{\"@type\":\"SearchAction\",\"target\":{\"@type\":\"EntryPoint\",\"urlTemplate\":\"https:\/\/www.sprachschule-aktiv-winterthur.ch\/?s={search_term_string}\"},\"query-input\":{\"@type\":\"PropertyValueSpecification\",\"valueRequired\":true,\"valueName\":\"search_term_string\"}}],\"inLanguage\":\"fr-FR\"}]}<\/script>\n<!-- \/ Yoast SEO plugin. -->","yoast_head_json":{"title":"Apprendre l\u2019allemand \u00e0 Winterthour \u2013 \u00c9cole de langue allemande","description":"Apprendre l\u2019allemand \u00e0 Winterthour. Ecole de langues pour des cours d\u2019allemand de A1 \u00e0 C2. Cours d'allemand en petits groupes et \u00e0 prix raisonnable.","robots":{"index":"index","follow":"follow","max-snippet":"max-snippet:-1","max-image-preview":"max-image-preview:large","max-video-preview":"max-video-preview:-1"},"canonical":"https:\/\/www.sprachschule-aktiv-winterthur.ch\/","og_locale":"fr_FR","og_type":"article","og_title":"Apprendre l\u2019allemand \u00e0 Winterthour \u2013 \u00c9cole de langue allemande","og_description":"Apprendre l\u2019allemand \u00e0 Winterthour. Ecole de langues pour des cours d\u2019allemand de A1 \u00e0 C2. Cours d'allemand en petits groupes et \u00e0 prix raisonnable.","og_url":"https:\/\/www.sprachschule-aktiv-winterthur.ch\/","og_site_name":"Sprachschule Aktiv","article_modified_time":"2024-05-13T04:51:46+00:00","twitter_card":"summary_large_image","twitter_misc":{"Dur\u00e9e de lecture estim\u00e9e":"4 minutes"},"schema":{"@context":"https:\/\/schema.org","@graph":[{"@type":"WebPage","@id":"https:\/\/www.sprachschule-aktiv-winterthur.ch\/","url":"https:\/\/www.sprachschule-aktiv-winterthur.ch\/","name":"Apprendre l\u2019allemand \u00e0 Winterthour \u2013 \u00c9cole de langue allemande","isPartOf":{"@id":"https:\/\/www.sprachschule-aktiv-winterthur.ch\/#website"},"datePublished":"2018-05-10T14:58:23+00:00","dateModified":"2024-05-13T04:51:46+00:00","description":"Apprendre l\u2019allemand \u00e0 Winterthour. Ecole de langues pour des cours d\u2019allemand de A1 \u00e0 C2. Cours d'allemand en petits groupes et \u00e0 prix raisonnable.","breadcrumb":{"@id":"https:\/\/www.sprachschule-aktiv-winterthur.ch\/#breadcrumb"},"inLanguage":"fr-FR","potentialAction":[{"@type":"ReadAction","target":["https:\/\/www.sprachschule-aktiv-winterthur.ch\/"]}]},{"@type":"BreadcrumbList","@id":"https:\/\/www.sprachschule-aktiv-winterthur.ch\/#breadcrumb","itemListElement":[{"@type":"ListItem","position":1,"name":"Startseite","item":"https:\/\/www.sprachschule-aktiv-winterthur.ch\/"},{"@type":"ListItem","position":2,"name":"Home Sprachschule Aktiv Winterthur"}]},{"@type":"WebSite","@id":"https:\/\/www.sprachschule-aktiv-winterthur.ch\/#website","url":"https:\/\/www.sprachschule-aktiv-winterthur.ch\/","name":"Sprachschule Aktiv","description":"","potentialAction":[{"@type":"SearchAction","target":{"@type":"EntryPoint","urlTemplate":"https:\/\/www.sprachschule-aktiv-winterthur.ch\/?s={search_term_string}"},"query-input":{"@type":"PropertyValueSpecification","valueRequired":true,"valueName":"search_term_string"}}],"inLanguage":"fr-FR"}]}},"_links":{"self":[{"href":"https:\/\/www.sprachschule-aktiv-winterthur.ch\/fr\/wp-json\/wp\/v2\/pages\/3388","targetHints":{"allow":["GET"]}}],"collection":[{"href":"https:\/\/www.sprachschule-aktiv-winterthur.ch\/fr\/wp-json\/wp\/v2\/pages"}],"about":[{"href":"https:\/\/www.sprachschule-aktiv-winterthur.ch\/fr\/wp-json\/wp\/v2\/types\/page"}],"author":[{"embeddable":true,"href":"https:\/\/www.sprachschule-aktiv-winterthur.ch\/fr\/wp-json\/wp\/v2\/users\/1"}],"replies":[{"embeddable":true,"href":"https:\/\/www.sprachschule-aktiv-winterthur.ch\/fr\/wp-json\/wp\/v2\/comments?post=3388"}],"version-history":[{"count":11,"href":"https:\/\/www.sprachschule-aktiv-winterthur.ch\/fr\/wp-json\/wp\/v2\/pages\/3388\/revisions"}],"predecessor-version":[{"id":4471,"href":"https:\/\/www.sprachschule-aktiv-winterthur.ch\/fr\/wp-json\/wp\/v2\/pages\/3388\/revisions\/4471"}],"wp:attachment":[{"href":"https:\/\/www.sprachschule-aktiv-winterthur.ch\/fr\/wp-json\/wp\/v2\/media?parent=3388"}],"curies":[{"name":"wp","href":"https:\/\/api.w.org\/{rel}","templated":true}]}}