{"id":2993,"date":"2018-05-10T16:58:23","date_gmt":"2018-05-10T14:58:23","guid":{"rendered":"https:\/\/www.sprachschule-aktiv-winterthur.ch\/principal\/"},"modified":"2024-05-13T06:50:04","modified_gmt":"2024-05-13T04:50:04","slug":"principal","status":"publish","type":"page","link":"https:\/\/www.sprachschule-aktiv-winterthur.ch\/it\/","title":{"rendered":"Home Sprachschule Aktiv Winterthur"},"content":{"rendered":"<p>[vc_row full_width=&#8221;stretch_row_content_no_spaces&#8221; equal_height=&#8221;yes&#8221; tc_enable_overlay=&#8221;true&#8221; css=&#8221;.vc_custom_1608058825168{margin-top: 0px !important;padding-top: 0px !important;background-position: center !important;background-repeat: no-repeat !important;background-size: cover !important;}&#8221;][vc_column][vc_images_carousel images=&#8221;3673,3655,3661,3667&#8243; img_size=&#8221;full&#8221; onclick=&#8221;link_no&#8221; autoplay=&#8221;yes&#8221; hide_pagination_control=&#8221;yes&#8221;][\/vc_column][\/vc_row][vc_row full_width=&#8221;stretch_row&#8221; equal_height=&#8221;yes&#8221; content_placement=&#8221;middle&#8221; tc_enable_overlay=&#8221;true&#8221; css=&#8221;.vc_custom_1480401715002{padding-top: 30px !important;padding-bottom: 30px !important;}&#8221; el_class=&#8221;action-box m-b-none theme-bg-color&#8221;][vc_column width=&#8221;2\/3&#8243;][vc_column_text]<\/p>\n<h3 class=\"text-white\">Imparare il tedesco a Winterthur<\/h3>\n<p class=\"text-white\">Corsi di tedesco da A1 a C2 in una scuola di lingue<\/p>\n<p>[\/vc_column_text][\/vc_column][vc_column width=&#8221;1\/3&#8243; css=&#8221;.vc_custom_1481804430561{padding-top: 15px !important;}&#8221; el_class=&#8221;text-right&#8221;]\t<div class=\"vc_btn3-container vc_btn3-inline\">\n\t\t<a href=\"\/it\/registrazione\/\" class=\"pgs_btn pgs_btn_style_2 pgs_btn_xl\">\n\t\t\t<span>\n\t\t\t\tRegistrazione\t\t\t<\/span>\n\t\t\t\t\t\t<i class=\"fa fa-chevron-right\"><\/i>\n\t\t\t\t\t<\/a>\n\t<\/div>\n\t[\/vc_column][\/vc_row][vc_row css=&#8221;.vc_custom_1489238430544{padding-top: 50px !important;}&#8221;][vc_column css=&#8221;.vc_custom_1489228440142{padding-right: 20px !important;}&#8221;][vc_column_text]<\/p>\n<h1>Imparare il tedesco a Winterthur &#8211; Corsi di tedesco da A1 a C2 &#8211; Scuola di lingue<\/h1>\n<p>Per imparare il tedesco non bisogna per forza andare in Germania. Se avete bisogno di migliorare le vostre conoscenze per i vostri studi, per lavoro o per la vostra prossima vacanza, abbiamo il corso giusto per voi. Noi, della \u201cSprachschule Aktiv\u201d, vi offriamo un valido corso di tedesco a Winterthur, in Svizzera. I corsi comprendono i livelli: A1, A2, B1, B2, C1 e C2.[\/vc_column_text][\/vc_column][\/vc_row][vc_row full_width=&#8221;stretch_row&#8221; css=&#8221;.vc_custom_1489247690061{padding-top: 20px !important;background: #f9f9f9 url(http:\/\/www.sprachschule-aktiv.ch\/wp-content\/uploads\/2016\/08\/deutsch-lernen-in-zuerich-prachschleaktiv.jpg?id=608) !important;background-position: 0 0 !important;background-repeat: no-repeat !important;}&#8221;][vc_column width=&#8221;3\/4&#8243; css=&#8221;.vc_custom_1489228440142{padding-right: 20px !important;}&#8221;][vc_column_text]<\/p>\n<h2>I nostri corsi: Corsi intensivi di tedesco, corsi privati e corsi serali a Winterthur<\/h2>\n<p>I motivi per imparare il tedesco sono molteplici. Abbiamo diversi tipi di corsi da scegliere e saremo lieti di consigliarvi quello pi\u00f9 adatto per voi e il vostro obiettivo. Se non siete sotto pressione, un corso serale a Winterthur una volta alla settimana \u00e8 l&#8217;ideale. Il ritmo di apprendimento \u00e8 lento, sarete meno stressati e potrete dedicarvi anche ad altre attivit\u00e0. Se volete andare pi\u00f9 veloci, \u00e8 meglio prenotare un corso intensivo. Le lezioni si terranno ogni giorno e sarete in grado di parlare un buon tedesco nel giro di pochi giorni.<\/p>\n<p>Se desiderate invece una supervisione intensiva personale, \u00e8 meglio prenotare delle lezioni private con un insegnante selezionato. Se volete prepararvi per il Test Deutsch \u201cals Fremdsprache\u201d (TestDaF), disponiamo di un corso apposito. Se volete studiare e restare in Svizzera per un periodo pi\u00f9 lungo, vi forniremo anche un visto adeguato. Naturalmente vi procureremo un appartamento per tutta la durata del vostro soggiorno linguistico.[\/vc_column_text][\/vc_column][vc_column width=&#8221;1\/4&#8243;][\/vc_column][\/vc_row][vc_row full_width=&#8221;stretch_row&#8221; css=&#8221;.vc_custom_1489239164915{padding-top: 50px !important;padding-bottom: 40px !important;}&#8221;][vc_column css=&#8221;.vc_custom_1489228440142{padding-right: 20px !important;}&#8221;][vc_row_inner][vc_column_inner width=&#8221;1\/2&#8243;][vc_video link=&#8221;https:\/\/www.youtube.com\/embed\/OmlDX1rDL-w&#8221;][\/vc_column_inner][vc_column_inner width=&#8221;1\/2&#8243;][vc_column_text]<\/p>\n<h2>Determiniamo il vostro livello linguistico gratuitamente<\/h2>\n<p>Sempre pi\u00f9 spesso capita che gli studenti siano inseriti nel corso sbagliato. Per questo, o si annoiano perch\u00e9 conoscono gi\u00e0 l&#8217;argomento o sono sopraffatti. Vi offriamo quindi un test di posizionamento che \u00e8 sufficiente eseguire sul computer. I nostri insegnanti potranno cos\u00ec valutare il vostro livello linguistico attuale. In questo modo si risparmiano tempo e denaro. Naturalmente, se vivete vicino a Winterthur o volete visitare la citt\u00e0, potete fare il test nelle aule della scuola di lingue. Non vediamo l\u2019ora della vostra visita.[\/vc_column_text]\t<div class=\"vc_btn3-container vc_btn3-inline\">\n\t\t<a href=\"\/it\/contatto\/\" class=\"pgs_btn pgs_btn_style_1 pgs_btn_lg\">\n\t\t\t<span>\n\t\t\t\tContattaci\t\t\t<\/span>\n\t\t\t\t\t<\/a>\n\t<\/div>\n\t[\/vc_column_inner][\/vc_row_inner][vc_column_text]<\/p>\n<h2>Insegnanti di lingue amichevoli ed esperti insegnano in piccoli gruppi<\/h2>\n<p>Nelle nostre lezioni di gruppo ci assicuriamo che nessun gruppo abbia pi\u00f9 di dieci studenti. Questo \u00e8 l&#8217;unico modo per poter praticare al meglio il tedesco. Per imparare una lingua si ha bisogno di un\u2019interazione attiva e regolare, per questo motivo l\u2019insegnamento \u00e8 molto orientato alla pratica. Nella maggior parte dei casi, i nostri insegnanti sono educatori o hanno una solida base di pedagogia. Naturalmente stiamo parlando di professori madrelingua che parlano la lingua senza alcun accento particolare. Durante il colloquio decidiamo in merito all&#8217;assunzione non solo in base alla qualifica professionale ma \u00e8 anche importante per noi che l&#8217;insegnante sia socievole. I nostri collaboratori prestano particolare attenzione a questo fattore in modo da assicurarvi delle lezioni piacevoli.[\/vc_column_text][\/vc_column][\/vc_row][vc_row full_width=&#8221;stretch_row&#8221; css=&#8221;.vc_custom_1489241850692{padding-top: 50px !important;padding-bottom: 30px !important;background-color: #f9f9f9 !important;}&#8221;][vc_column css=&#8221;.vc_custom_1489228440142{padding-right: 20px !important;}&#8221;][vc_column_text]<\/p>\n<h2>Corsi di tedesco a Winterthur &#8211; Approfittate dei nostri servizi<\/h2>\n<p>Se avete bisogno di un visto per la Svizzera, non esitate a contattarci. Ci occuperemo anche di un appartamento adatto alle vostre esigenze a Winterthur. Se avete altre domande o problemi prima e\/o durante il corso, siamo a vostra disposizione. I nostri dipendenti sono sempre pronti ad ascoltare le vostre preoccupazioni.[\/vc_column_text][\/vc_column][\/vc_row][vc_row full_width=&#8221;stretch_row&#8221; css=&#8221;.vc_custom_1489241858110{padding-top: 50px !important;padding-bottom: 30px !important;}&#8221;][vc_column css=&#8221;.vc_custom_1489228440142{padding-right: 20px !important;}&#8221;][vc_column_text]<\/p>\n<h2>I nostri prezzi &#8211; Corsi intensivi di tedesco a Winterthur<\/h2>\n<p>Data d&#8217;inizio: Ogni luned\u00ec possibile<br \/>\nDurata del corso: 4 settimane &#8211; dal luned\u00ec al venerd\u00ec dalle ore 9:00 alle 12:00<\/p>\n<p><strong>Prezzi:<\/strong><\/p>\n<ul>\n<li>1 settimana: 395 CHF<\/li>\n<li>2 settimane: 580 CHF<\/li>\n<li>3 settimane: 675 CHF<\/li>\n<li>4 settimane: 790 CHF<\/li>\n<\/ul>\n<p>*CHF: franco svizzero[\/vc_column_text][\/vc_column][\/vc_row]<\/p>\n","protected":false},"excerpt":{"rendered":"<p>[vc_row full_width=&#8221;stretch_row_content_no_spaces&#8221; equal_height=&#8221;yes&#8221; tc_enable_overlay=&#8221;true&#8221; css=&#8221;.vc_custom_1608058825168{margin-top: 0px !important;padding-top: 0px !important;background-position: center !important;background-repeat: no-repeat !important;background-size: cover !important;}&#8221;][vc_column][vc_images_carousel images=&#8221;3673,3655,3661,3667&#8243; img_size=&#8221;full&#8221; onclick=&#8221;link_no&#8221; autoplay=&#8221;yes&#8221; hide_pagination_control=&#8221;yes&#8221;][\/vc_column][\/vc_row][vc_row full_width=&#8221;stretch_row&#8221; equal_height=&#8221;yes&#8221; content_placement=&#8221;middle&#8221; tc_enable_overlay=&#8221;true&#8221; css=&#8221;.vc_custom_1480401715002{padding-top: 30px !important;padding-bottom: 30px !important;}&#8221; el_class=&#8221;action-box m-b-none theme-bg-color&#8221;][vc_column width=&#8221;2\/3&#8243;][vc_column_text] Imparare il tedesco a Winterthur Corsi di tedesco da A1 a C2 in una scuola di lingue [\/vc_column_text][\/vc_column][vc_column width=&#8221;1\/3&#8243; css=&#8221;.vc_custom_1481804430561{padding-top: 15px !important;}&#8221;&hellip; <a class=\"read-more\" href=\"https:\/\/www.sprachschule-aktiv-winterthur.ch\/it\/\" title=\"Read Home Sprachschule Aktiv Winterthur\">Read more &raquo;<\/a><\/p>\n","protected":false},"author":1,"featured_media":0,"parent":0,"menu_order":0,"comment_status":"closed","ping_status":"closed","template":"templates\/page-vc_compatible.php","meta":{"footnotes":""},"class_list":["post-2993","page","type-page","status-publish","hentry"],"yoast_head":"<!-- This site is optimized with the Yoast SEO plugin v27.1.1 - https:\/\/yoast.com\/product\/yoast-seo-wordpress\/ -->\n<title>Imparare il tedesco a Winterthur - Corsi di tedesco - Scuola di lingue<\/title>\n<meta name=\"description\" content=\"Impara il tedesco a Winterthur in piccoli gruppi con un massimo di 5 persone. Corsi di tedesco per principianti e avanzati A1, A2, B1, B2, C1, C2.\" \/>\n<meta name=\"robots\" content=\"index, follow, max-snippet:-1, max-image-preview:large, max-video-preview:-1\" \/>\n<link rel=\"canonical\" href=\"https:\/\/www.sprachschule-aktiv-winterthur.ch\/\" \/>\n<meta property=\"og:locale\" content=\"it_IT\" \/>\n<meta property=\"og:type\" content=\"article\" \/>\n<meta property=\"og:title\" content=\"Imparare il tedesco a Winterthur - Corsi di tedesco - Scuola di lingue\" \/>\n<meta property=\"og:description\" content=\"Impara il tedesco a Winterthur in piccoli gruppi con un massimo di 5 persone. Corsi di tedesco per principianti e avanzati A1, A2, B1, B2, C1, C2.\" \/>\n<meta property=\"og:url\" content=\"https:\/\/www.sprachschule-aktiv-winterthur.ch\/\" \/>\n<meta property=\"og:site_name\" content=\"Sprachschule Aktiv\" \/>\n<meta property=\"article:modified_time\" content=\"2024-05-13T04:50:04+00:00\" \/>\n<meta name=\"twitter:card\" content=\"summary_large_image\" \/>\n<meta name=\"twitter:label1\" content=\"Tempo di lettura stimato\" \/>\n\t<meta name=\"twitter:data1\" content=\"5 minuti\" \/>\n<script type=\"application\/ld+json\" class=\"yoast-schema-graph\">{\"@context\":\"https:\/\/schema.org\",\"@graph\":[{\"@type\":\"WebPage\",\"@id\":\"https:\/\/www.sprachschule-aktiv-winterthur.ch\/\",\"url\":\"https:\/\/www.sprachschule-aktiv-winterthur.ch\/\",\"name\":\"Imparare il tedesco a Winterthur - Corsi di tedesco - Scuola di lingue\",\"isPartOf\":{\"@id\":\"https:\/\/www.sprachschule-aktiv-winterthur.ch\/#website\"},\"datePublished\":\"2018-05-10T14:58:23+00:00\",\"dateModified\":\"2024-05-13T04:50:04+00:00\",\"description\":\"Impara il tedesco a Winterthur in piccoli gruppi con un massimo di 5 persone. Corsi di tedesco per principianti e avanzati A1, A2, B1, B2, C1, C2.\",\"breadcrumb\":{\"@id\":\"https:\/\/www.sprachschule-aktiv-winterthur.ch\/#breadcrumb\"},\"inLanguage\":\"it-IT\",\"potentialAction\":[{\"@type\":\"ReadAction\",\"target\":[\"https:\/\/www.sprachschule-aktiv-winterthur.ch\/\"]}]},{\"@type\":\"BreadcrumbList\",\"@id\":\"https:\/\/www.sprachschule-aktiv-winterthur.ch\/#breadcrumb\",\"itemListElement\":[{\"@type\":\"ListItem\",\"position\":1,\"name\":\"Startseite\",\"item\":\"https:\/\/www.sprachschule-aktiv-winterthur.ch\/\"},{\"@type\":\"ListItem\",\"position\":2,\"name\":\"Home Sprachschule Aktiv Winterthur\"}]},{\"@type\":\"WebSite\",\"@id\":\"https:\/\/www.sprachschule-aktiv-winterthur.ch\/#website\",\"url\":\"https:\/\/www.sprachschule-aktiv-winterthur.ch\/\",\"name\":\"Sprachschule Aktiv\",\"description\":\"\",\"potentialAction\":[{\"@type\":\"SearchAction\",\"target\":{\"@type\":\"EntryPoint\",\"urlTemplate\":\"https:\/\/www.sprachschule-aktiv-winterthur.ch\/?s={search_term_string}\"},\"query-input\":{\"@type\":\"PropertyValueSpecification\",\"valueRequired\":true,\"valueName\":\"search_term_string\"}}],\"inLanguage\":\"it-IT\"}]}<\/script>\n<!-- \/ Yoast SEO plugin. -->","yoast_head_json":{"title":"Imparare il tedesco a Winterthur - Corsi di tedesco - Scuola di lingue","description":"Impara il tedesco a Winterthur in piccoli gruppi con un massimo di 5 persone. Corsi di tedesco per principianti e avanzati A1, A2, B1, B2, C1, C2.","robots":{"index":"index","follow":"follow","max-snippet":"max-snippet:-1","max-image-preview":"max-image-preview:large","max-video-preview":"max-video-preview:-1"},"canonical":"https:\/\/www.sprachschule-aktiv-winterthur.ch\/","og_locale":"it_IT","og_type":"article","og_title":"Imparare il tedesco a Winterthur - Corsi di tedesco - Scuola di lingue","og_description":"Impara il tedesco a Winterthur in piccoli gruppi con un massimo di 5 persone. Corsi di tedesco per principianti e avanzati A1, A2, B1, B2, C1, C2.","og_url":"https:\/\/www.sprachschule-aktiv-winterthur.ch\/","og_site_name":"Sprachschule Aktiv","article_modified_time":"2024-05-13T04:50:04+00:00","twitter_card":"summary_large_image","twitter_misc":{"Tempo di lettura stimato":"5 minuti"},"schema":{"@context":"https:\/\/schema.org","@graph":[{"@type":"WebPage","@id":"https:\/\/www.sprachschule-aktiv-winterthur.ch\/","url":"https:\/\/www.sprachschule-aktiv-winterthur.ch\/","name":"Imparare il tedesco a Winterthur - Corsi di tedesco - Scuola di lingue","isPartOf":{"@id":"https:\/\/www.sprachschule-aktiv-winterthur.ch\/#website"},"datePublished":"2018-05-10T14:58:23+00:00","dateModified":"2024-05-13T04:50:04+00:00","description":"Impara il tedesco a Winterthur in piccoli gruppi con un massimo di 5 persone. Corsi di tedesco per principianti e avanzati A1, A2, B1, B2, C1, C2.","breadcrumb":{"@id":"https:\/\/www.sprachschule-aktiv-winterthur.ch\/#breadcrumb"},"inLanguage":"it-IT","potentialAction":[{"@type":"ReadAction","target":["https:\/\/www.sprachschule-aktiv-winterthur.ch\/"]}]},{"@type":"BreadcrumbList","@id":"https:\/\/www.sprachschule-aktiv-winterthur.ch\/#breadcrumb","itemListElement":[{"@type":"ListItem","position":1,"name":"Startseite","item":"https:\/\/www.sprachschule-aktiv-winterthur.ch\/"},{"@type":"ListItem","position":2,"name":"Home Sprachschule Aktiv Winterthur"}]},{"@type":"WebSite","@id":"https:\/\/www.sprachschule-aktiv-winterthur.ch\/#website","url":"https:\/\/www.sprachschule-aktiv-winterthur.ch\/","name":"Sprachschule Aktiv","description":"","potentialAction":[{"@type":"SearchAction","target":{"@type":"EntryPoint","urlTemplate":"https:\/\/www.sprachschule-aktiv-winterthur.ch\/?s={search_term_string}"},"query-input":{"@type":"PropertyValueSpecification","valueRequired":true,"valueName":"search_term_string"}}],"inLanguage":"it-IT"}]}},"_links":{"self":[{"href":"https:\/\/www.sprachschule-aktiv-winterthur.ch\/it\/wp-json\/wp\/v2\/pages\/2993","targetHints":{"allow":["GET"]}}],"collection":[{"href":"https:\/\/www.sprachschule-aktiv-winterthur.ch\/it\/wp-json\/wp\/v2\/pages"}],"about":[{"href":"https:\/\/www.sprachschule-aktiv-winterthur.ch\/it\/wp-json\/wp\/v2\/types\/page"}],"author":[{"embeddable":true,"href":"https:\/\/www.sprachschule-aktiv-winterthur.ch\/it\/wp-json\/wp\/v2\/users\/1"}],"replies":[{"embeddable":true,"href":"https:\/\/www.sprachschule-aktiv-winterthur.ch\/it\/wp-json\/wp\/v2\/comments?post=2993"}],"version-history":[{"count":9,"href":"https:\/\/www.sprachschule-aktiv-winterthur.ch\/it\/wp-json\/wp\/v2\/pages\/2993\/revisions"}],"predecessor-version":[{"id":4469,"href":"https:\/\/www.sprachschule-aktiv-winterthur.ch\/it\/wp-json\/wp\/v2\/pages\/2993\/revisions\/4469"}],"wp:attachment":[{"href":"https:\/\/www.sprachschule-aktiv-winterthur.ch\/it\/wp-json\/wp\/v2\/media?parent=2993"}],"curies":[{"name":"wp","href":"https:\/\/api.w.org\/{rel}","templated":true}]}}